{"id":7,"date":"2026-04-10T15:57:15","date_gmt":"2026-04-10T15:57:15","guid":{"rendered":"https:\/\/www.orchestre-ospa.fr\/?page_id=7"},"modified":"2026-04-10T18:15:35","modified_gmt":"2026-04-10T17:15:35","slug":"home","status":"publish","type":"page","link":"https:\/\/www.orchestre-ospa.fr\/","title":{"rendered":"Bienvenue sur le site de l&rsquo;OSPA"},"content":{"rendered":"\nCe nouvel orchestre bas\u00e9 en Ard\u00e8che M\u00e9ridionale s\u2019adresse \u00e0 des musiciens amateurs confirm\u00e9s et autonomes (\u00e0 partir de fin de 2\u00e8me cycle), souhaitant participer \u00e0 une pratique collective conviviale et de qualit\u00e9. \n","protected":false},"excerpt":{"rendered":"<p>Ce nouvel orchestre bas\u00e9 en Ard\u00e8che M\u00e9ridionale s\u2019adresse \u00e0 des musiciens amateurs confirm\u00e9s et autonomes (\u00e0 partir de fin de 2\u00e8me cycle), souhaitant participer \u00e0 une pratique collective conviviale et de qualit\u00e9.<\/p>\n","protected":false},"author":1,"featured_media":0,"parent":0,"menu_order":0,"comment_status":"closed","ping_status":"closed","template":"","meta":{"footnotes":""},"class_list":["post-7","page","type-page","status-publish","hentry"],"_links":{"self":[{"href":"https:\/\/www.orchestre-ospa.fr\/index.php?rest_route=\/wp\/v2\/pages\/7","targetHints":{"allow":["GET"]}}],"collection":[{"href":"https:\/\/www.orchestre-ospa.fr\/index.php?rest_route=\/wp\/v2\/pages"}],"about":[{"href":"https:\/\/www.orchestre-ospa.fr\/index.php?rest_route=\/wp\/v2\/types\/page"}],"author":[{"embeddable":true,"href":"https:\/\/www.orchestre-ospa.fr\/index.php?rest_route=\/wp\/v2\/users\/1"}],"replies":[{"embeddable":true,"href":"https:\/\/www.orchestre-ospa.fr\/index.php?rest_route=%2Fwp%2Fv2%2Fcomments&post=7"}],"version-history":[{"count":9,"href":"https:\/\/www.orchestre-ospa.fr\/index.php?rest_route=\/wp\/v2\/pages\/7\/revisions"}],"predecessor-version":[{"id":61,"href":"https:\/\/www.orchestre-ospa.fr\/index.php?rest_route=\/wp\/v2\/pages\/7\/revisions\/61"}],"wp:attachment":[{"href":"https:\/\/www.orchestre-ospa.fr\/index.php?rest_route=%2Fwp%2Fv2%2Fmedia&parent=7"}],"curies":[{"name":"wp","href":"https:\/\/api.w.org\/{rel}","templated":true}]}}